{"id":2,"date":"2016-05-10T03:48:21","date_gmt":"2016-05-10T03:48:21","guid":{"rendered":"http:\/\/psykoterapiateijanyberg.fi\/?page_id=2"},"modified":"2021-06-28T16:41:33","modified_gmt":"2021-06-28T16:41:33","slug":"sample-page","status":"publish","type":"page","link":"http:\/\/psykoterapiateijanyberg.fi\/","title":{"rendered":"Psykoterapia Teija Nyberg"},"content":{"rendered":"\n<div class=\"wp-block-columns is-layout-flex wp-container-core-columns-is-layout-1 wp-block-columns-is-layout-flex\">\n<div class=\"wp-block-column is-layout-flow wp-block-column-is-layout-flow\" style=\"flex-basis:100%\">\n<p>Olen koulutukseltani psykoterapeutti (Valvira, KELA) sek\u00e4 psykiatrinen sairaanhoitaja. Suuntaukseni on kognitiivinen k\u00e4ytt\u00e4ytymisterapia (Tampereen yliopisto). K\u00e4yt\u00e4n ty\u00f6ss\u00e4ni eniten dialektisen k\u00e4ytt\u00e4ytymisterapian, skeematerapian, tunnekeskeisen terapian, my\u00f6t\u00e4tuntokeskeisen terapian sek\u00e4 hyv\u00e4ksymis- ja omistautumisterapian menetelmi\u00e4. Minulla on parinkymmenen vuoden ty\u00f6kokemus psykiatrisen sairaanhoitajan ty\u00f6st\u00e4 Tampereen kaupungin mielenterveys- ja p\u00e4ihdepalveluissa, sek\u00e4 Pitk\u00e4niemen ja Kaivannon sairaaloissa. Psykoterapeuttina olen toiminut vuodesta 2017 asti.&nbsp; Olen Kelan vaativan l\u00e4\u00e4kinn\u00e4llisen kuntoutuksen palveluntuottaja.<\/p>\n\n\n\n<p>Minulla on kokemusta psykoosisairauksien, personallisuush\u00e4iri\u00f6iden, mielialah\u00e4iri\u00f6iden, ahdistuneisuush\u00e4iri\u00f6iden sek\u00e4 traumojen hoidosta. Erityisesti olen keskittynyt ep\u00e4vakaan persoonallisuush\u00e4iri\u00f6n hoitamiseen DKT- ja skeematerapiamenetelmien avulla. Traumojen hoidossa k\u00e4yt\u00e4n mm. narratiivisen altistusterapian menetelm\u00e4\u00e4 (NET).<\/p>\n\n\n\n<p>Terapiassa pyrin asiakkaan kanssa tutkimaan h\u00e4nen kokemuksiaan, ymm\u00e4rt\u00e4m\u00e4\u00e4n niiden merkityksi\u00e4, tunnistamaan niiden seurauksia ja tarvittaessa l\u00f6yt\u00e4m\u00e4\u00e4n uusia tapoja toimia. &nbsp;Terapeuttina olen l\u00e4sn\u00e4oleva, osallistuva ja avoin erilaisuudelle. T\u00e4rkeit\u00e4 arvoja ty\u00f6ss\u00e4ni ovat l\u00e4sn\u00e4olo, luottamus, tuomitsemattomuus ja asiakkaan vahvuuksien n\u00e4keminen. Ty\u00f6skentelyss\u00e4 arvostan my\u00f6s sit\u00e4, ett\u00e4 saan asiakkaalta palautetta, jos aihe tai etenemistapa ei tunnu hyv\u00e4lt\u00e4.<\/p>\n<\/div>\n<\/div>\n\n\n\n<p>T\u00e4ll\u00e4 hetkell\u00e4 vastaanotollani ei ole vapaita asiakaspaikkoja. <\/p>\n\n\n\n<div class=\"wp-block-columns is-layout-flex wp-container-core-columns-is-layout-2 wp-block-columns-is-layout-flex\">\n<div class=\"wp-block-column is-layout-flow wp-block-column-is-layout-flow\" style=\"flex-basis:100%\">\n<h2 class=\"wp-block-heading\"><\/h2>\n\n\n\n<figure class=\"wp-block-image size-large\"><img loading=\"lazy\" decoding=\"async\" width=\"864\" height=\"485\" src=\"http:\/\/psykoterapiateijanyberg.fi\/wp-content\/uploads\/2021\/03\/kuvaaaa.png\" alt=\"\" class=\"wp-image-59\" srcset=\"http:\/\/psykoterapiateijanyberg.fi\/wp-content\/uploads\/2021\/03\/kuvaaaa.png 864w, http:\/\/psykoterapiateijanyberg.fi\/wp-content\/uploads\/2021\/03\/kuvaaaa-300x168.png 300w, http:\/\/psykoterapiateijanyberg.fi\/wp-content\/uploads\/2021\/03\/kuvaaaa-768x431.png 768w, http:\/\/psykoterapiateijanyberg.fi\/wp-content\/uploads\/2021\/03\/kuvaaaa-660x370.png 660w, http:\/\/psykoterapiateijanyberg.fi\/wp-content\/uploads\/2021\/03\/kuvaaaa-640x359.png 640w, http:\/\/psykoterapiateijanyberg.fi\/wp-content\/uploads\/2021\/03\/kuvaaaa-255x143.png 255w\" sizes=\"(max-width: 864px) 100vw, 864px\" \/><\/figure>\n<\/div>\n<\/div>\n\n\n\n<p><\/p>\n","protected":false},"excerpt":{"rendered":"<p>Olen koulutukseltani psykoterapeutti (Valvira, KELA) sek\u00e4 psykiatrinen sairaanhoitaja. Suuntaukseni on kognitiivinen k\u00e4ytt\u00e4ytymisterapia (Tampereen yliopisto). K\u00e4yt\u00e4n ty\u00f6ss\u00e4ni eniten dialektisen k\u00e4ytt\u00e4ytymisterapian, skeematerapian, tunnekeskeisen terapian, my\u00f6t\u00e4tuntokeskeisen terapian sek\u00e4 hyv\u00e4ksymis- ja omistautumisterapian menetelmi\u00e4. Minulla on parinkymmenen vuoden ty\u00f6kokemus psykiatrisen sairaanhoitajan ty\u00f6st\u00e4 Tampereen kaupungin mielenterveys- ja p\u00e4ihdepalveluissa, sek\u00e4 Pitk\u00e4niemen ja Kaivannon sairaaloissa. Psykoterapeuttina olen toiminut vuodesta 2017 asti.&nbsp; Olen Kelan [&hellip;]<\/p>\n","protected":false},"author":1,"featured_media":0,"parent":0,"menu_order":0,"comment_status":"closed","ping_status":"open","template":"","meta":{"footnotes":""},"class_list":["post-2","page","type-page","status-publish","hentry"],"_links":{"self":[{"href":"http:\/\/psykoterapiateijanyberg.fi\/index.php?rest_route=\/wp\/v2\/pages\/2"}],"collection":[{"href":"http:\/\/psykoterapiateijanyberg.fi\/index.php?rest_route=\/wp\/v2\/pages"}],"about":[{"href":"http:\/\/psykoterapiateijanyberg.fi\/index.php?rest_route=\/wp\/v2\/types\/page"}],"author":[{"embeddable":true,"href":"http:\/\/psykoterapiateijanyberg.fi\/index.php?rest_route=\/wp\/v2\/users\/1"}],"replies":[{"embeddable":true,"href":"http:\/\/psykoterapiateijanyberg.fi\/index.php?rest_route=%2Fwp%2Fv2%2Fcomments&post=2"}],"version-history":[{"count":22,"href":"http:\/\/psykoterapiateijanyberg.fi\/index.php?rest_route=\/wp\/v2\/pages\/2\/revisions"}],"predecessor-version":[{"id":63,"href":"http:\/\/psykoterapiateijanyberg.fi\/index.php?rest_route=\/wp\/v2\/pages\/2\/revisions\/63"}],"wp:attachment":[{"href":"http:\/\/psykoterapiateijanyberg.fi\/index.php?rest_route=%2Fwp%2Fv2%2Fmedia&parent=2"}],"curies":[{"name":"wp","href":"https:\/\/api.w.org\/{rel}","templated":true}]}}